{"id":632,"date":"2022-02-01T11:13:59","date_gmt":"2022-02-01T10:13:59","guid":{"rendered":"https:\/\/melucia.com\/the-essentials\/"},"modified":"2023-06-27T15:26:23","modified_gmt":"2023-06-27T13:26:23","slug":"les-essentiels","status":"publish","type":"page","link":"https:\/\/melucia.com\/en\/les-essentiels\/","title":{"rendered":"The essentials"},"content":{"rendered":"","protected":false},"excerpt":{"rendered":"","protected":false},"author":1,"featured_media":0,"parent":0,"menu_order":0,"comment_status":"closed","ping_status":"closed","template":"template-essentiel.php","meta":{"_acf_changed":false,"inline_featured_image":false,"footnotes":""},"class_list":["post-632","page","type-page","status-publish","hentry"],"acf":[],"yoast_head":"<!-- This site is optimized with the Yoast SEO plugin v26.8 - https:\/\/yoast.com\/product\/yoast-seo-wordpress\/ -->\n<title>The essentials - Melucia<\/title>\n<meta name=\"description\" content=\"La routine compl\u00e8te M\u00e9lucia. D\u00e9couvrez nos 3 gestes essentiels adapt\u00e9s \u00e0 tous les types de peau.\" \/>\n<meta name=\"robots\" content=\"index, follow, max-snippet:-1, max-image-preview:large, max-video-preview:-1\" \/>\n<link rel=\"canonical\" href=\"https:\/\/melucia.com\/en\/les-essentiels\/\" \/>\n<meta property=\"og:locale\" content=\"en_US\" \/>\n<meta property=\"og:type\" content=\"article\" \/>\n<meta property=\"og:title\" content=\"The essentials - Melucia\" \/>\n<meta property=\"og:description\" content=\"La routine compl\u00e8te M\u00e9lucia. D\u00e9couvrez nos 3 gestes essentiels adapt\u00e9s \u00e0 tous les types de peau.\" \/>\n<meta property=\"og:url\" content=\"https:\/\/melucia.com\/en\/les-essentiels\/\" \/>\n<meta property=\"og:site_name\" content=\"Melucia\" \/>\n<meta property=\"article:publisher\" content=\"https:\/\/www.facebook.com\/melucia.skincare\/\" \/>\n<meta property=\"article:modified_time\" content=\"2023-06-27T13:26:23+00:00\" \/>\n<meta name=\"twitter:card\" content=\"summary_large_image\" \/>\n<script type=\"application\/ld+json\" class=\"yoast-schema-graph\">{\"@context\":\"https:\/\/schema.org\",\"@graph\":[{\"@type\":\"WebPage\",\"@id\":\"https:\/\/melucia.com\/en\/les-essentiels\/\",\"url\":\"https:\/\/melucia.com\/en\/les-essentiels\/\",\"name\":\"The essentials - Melucia\",\"isPartOf\":{\"@id\":\"https:\/\/melucia.com\/#website\"},\"datePublished\":\"2022-02-01T10:13:59+00:00\",\"dateModified\":\"2023-06-27T13:26:23+00:00\",\"description\":\"La routine compl\u00e8te M\u00e9lucia. D\u00e9couvrez nos 3 gestes essentiels adapt\u00e9s \u00e0 tous les types de peau.\",\"breadcrumb\":{\"@id\":\"https:\/\/melucia.com\/en\/les-essentiels\/#breadcrumb\"},\"inLanguage\":\"en-US\",\"potentialAction\":[{\"@type\":\"ReadAction\",\"target\":[\"https:\/\/melucia.com\/en\/les-essentiels\/\"]}]},{\"@type\":\"BreadcrumbList\",\"@id\":\"https:\/\/melucia.com\/en\/les-essentiels\/#breadcrumb\",\"itemListElement\":[{\"@type\":\"ListItem\",\"position\":1,\"name\":\"Accueil\",\"item\":\"https:\/\/melucia.com\/en\/\"},{\"@type\":\"ListItem\",\"position\":2,\"name\":\"The essentials\"}]},{\"@type\":\"WebSite\",\"@id\":\"https:\/\/melucia.com\/#website\",\"url\":\"https:\/\/melucia.com\/\",\"name\":\"Melucia\",\"description\":\"Essential Skincare\",\"publisher\":{\"@id\":\"https:\/\/melucia.com\/#organization\"},\"potentialAction\":[{\"@type\":\"SearchAction\",\"target\":{\"@type\":\"EntryPoint\",\"urlTemplate\":\"https:\/\/melucia.com\/?s={search_term_string}\"},\"query-input\":{\"@type\":\"PropertyValueSpecification\",\"valueRequired\":true,\"valueName\":\"search_term_string\"}}],\"inLanguage\":\"en-US\"},{\"@type\":\"Organization\",\"@id\":\"https:\/\/melucia.com\/#organization\",\"name\":\"M\u00e9lucia\",\"url\":\"https:\/\/melucia.com\/\",\"logo\":{\"@type\":\"ImageObject\",\"inLanguage\":\"en-US\",\"@id\":\"https:\/\/melucia.com\/#\/schema\/logo\/image\/\",\"url\":\"https:\/\/melucia.com\/wp-content\/uploads\/2022\/02\/melucia_logo.svg\",\"contentUrl\":\"https:\/\/melucia.com\/wp-content\/uploads\/2022\/02\/melucia_logo.svg\",\"width\":\"1024\",\"height\":\"1024\",\"caption\":\"M\u00e9lucia\"},\"image\":{\"@id\":\"https:\/\/melucia.com\/#\/schema\/logo\/image\/\"},\"sameAs\":[\"https:\/\/www.facebook.com\/melucia.skincare\/\",\"https:\/\/www.instagram.com\/melucia.skincare\/?hl=fr\"]}]}<\/script>\n<!-- \/ Yoast SEO plugin. -->","yoast_head_json":{"title":"The essentials - Melucia","description":"La routine compl\u00e8te M\u00e9lucia. D\u00e9couvrez nos 3 gestes essentiels adapt\u00e9s \u00e0 tous les types de peau.","robots":{"index":"index","follow":"follow","max-snippet":"max-snippet:-1","max-image-preview":"max-image-preview:large","max-video-preview":"max-video-preview:-1"},"canonical":"https:\/\/melucia.com\/en\/les-essentiels\/","og_locale":"en_US","og_type":"article","og_title":"The essentials - Melucia","og_description":"La routine compl\u00e8te M\u00e9lucia. D\u00e9couvrez nos 3 gestes essentiels adapt\u00e9s \u00e0 tous les types de peau.","og_url":"https:\/\/melucia.com\/en\/les-essentiels\/","og_site_name":"Melucia","article_publisher":"https:\/\/www.facebook.com\/melucia.skincare\/","article_modified_time":"2023-06-27T13:26:23+00:00","twitter_card":"summary_large_image","schema":{"@context":"https:\/\/schema.org","@graph":[{"@type":"WebPage","@id":"https:\/\/melucia.com\/en\/les-essentiels\/","url":"https:\/\/melucia.com\/en\/les-essentiels\/","name":"The essentials - Melucia","isPartOf":{"@id":"https:\/\/melucia.com\/#website"},"datePublished":"2022-02-01T10:13:59+00:00","dateModified":"2023-06-27T13:26:23+00:00","description":"La routine compl\u00e8te M\u00e9lucia. D\u00e9couvrez nos 3 gestes essentiels adapt\u00e9s \u00e0 tous les types de peau.","breadcrumb":{"@id":"https:\/\/melucia.com\/en\/les-essentiels\/#breadcrumb"},"inLanguage":"en-US","potentialAction":[{"@type":"ReadAction","target":["https:\/\/melucia.com\/en\/les-essentiels\/"]}]},{"@type":"BreadcrumbList","@id":"https:\/\/melucia.com\/en\/les-essentiels\/#breadcrumb","itemListElement":[{"@type":"ListItem","position":1,"name":"Accueil","item":"https:\/\/melucia.com\/en\/"},{"@type":"ListItem","position":2,"name":"The essentials"}]},{"@type":"WebSite","@id":"https:\/\/melucia.com\/#website","url":"https:\/\/melucia.com\/","name":"Melucia","description":"Essential Skincare","publisher":{"@id":"https:\/\/melucia.com\/#organization"},"potentialAction":[{"@type":"SearchAction","target":{"@type":"EntryPoint","urlTemplate":"https:\/\/melucia.com\/?s={search_term_string}"},"query-input":{"@type":"PropertyValueSpecification","valueRequired":true,"valueName":"search_term_string"}}],"inLanguage":"en-US"},{"@type":"Organization","@id":"https:\/\/melucia.com\/#organization","name":"M\u00e9lucia","url":"https:\/\/melucia.com\/","logo":{"@type":"ImageObject","inLanguage":"en-US","@id":"https:\/\/melucia.com\/#\/schema\/logo\/image\/","url":"https:\/\/melucia.com\/wp-content\/uploads\/2022\/02\/melucia_logo.svg","contentUrl":"https:\/\/melucia.com\/wp-content\/uploads\/2022\/02\/melucia_logo.svg","width":"1024","height":"1024","caption":"M\u00e9lucia"},"image":{"@id":"https:\/\/melucia.com\/#\/schema\/logo\/image\/"},"sameAs":["https:\/\/www.facebook.com\/melucia.skincare\/","https:\/\/www.instagram.com\/melucia.skincare\/?hl=fr"]}]}},"_links":{"self":[{"href":"https:\/\/melucia.com\/en\/wp-json\/wp\/v2\/pages\/632","targetHints":{"allow":["GET"]}}],"collection":[{"href":"https:\/\/melucia.com\/en\/wp-json\/wp\/v2\/pages"}],"about":[{"href":"https:\/\/melucia.com\/en\/wp-json\/wp\/v2\/types\/page"}],"author":[{"embeddable":true,"href":"https:\/\/melucia.com\/en\/wp-json\/wp\/v2\/users\/1"}],"replies":[{"embeddable":true,"href":"https:\/\/melucia.com\/en\/wp-json\/wp\/v2\/comments?post=632"}],"version-history":[{"count":4,"href":"https:\/\/melucia.com\/en\/wp-json\/wp\/v2\/pages\/632\/revisions"}],"predecessor-version":[{"id":726,"href":"https:\/\/melucia.com\/en\/wp-json\/wp\/v2\/pages\/632\/revisions\/726"}],"wp:attachment":[{"href":"https:\/\/melucia.com\/en\/wp-json\/wp\/v2\/media?parent=632"}],"curies":[{"name":"wp","href":"https:\/\/api.w.org\/{rel}","templated":true}]}}